{"id":619,"date":"2025-06-12T01:16:29","date_gmt":"2025-06-12T01:16:29","guid":{"rendered":"https:\/\/vitalidadamira.com\/?post_type=product&#038;p=619"},"modified":"2026-03-16T19:28:06","modified_gmt":"2026-03-16T19:28:06","slug":"magic-honey-mujer-3-sachets-1-hombre","status":"publish","type":"product","link":"https:\/\/vitalidadamira.com\/en\/tienda\/magic-honey-mujer-3-sachets-1-hombre\/","title":{"rendered":"Magic Honey Mujer 3 Sachets + 1 Hombre"},"content":{"rendered":"<p>Magic Honey presenta su suplemento alimenticio en un formato l\u00edquido de miel, ideal tanto para mujeres como para hombres. Con un delicioso sabor a miel y completamente libre de gluten, este producto es perfecto para quienes buscan un impulso natural en su rutina diaria. Cada caja contiene 3 sachets dise\u00f1ados espec\u00edficamente para mujeres y 1 sachet para hombres, con un volumen neto total de 40 mL. Su pr\u00e1ctico formato en sachet facilita llevarlo a cualquier lugar, asegurando que puedas disfrutar de sus beneficios en cualquier momento. Este suplemento alimenticio no solo es nuevo y de alta calidad, sino que tambi\u00e9n est\u00e1 registrado ante COFEPRIS, garantizando su seguridad y eficacia. Adem\u00e1s, cuenta con un peso neto de 30 g y un aviso de funcionamiento que respalda su uso. Aumenta tu resistencia en la rutina de ejercicios y experimenta el poder de la miel con Magic Honey.<\/p>","protected":false},"excerpt":{"rendered":"<ul class=\"ui-vpp-highlighted-specs__features-list\">\n<li class=\"ui-vpp-highlighted-specs__features-list-item ui-pdp-color--BLACK ui-pdp-size--XSMALL ui-pdp-family--REGULAR\">Tipo de envase: Sachet<\/li>\n<li class=\"ui-vpp-highlighted-specs__features-list-item ui-pdp-color--BLACK ui-pdp-size--XSMALL ui-pdp-family--REGULAR\">Unidades por envase: 3<\/li>\n<li class=\"ui-vpp-highlighted-specs__features-list-item ui-pdp-color--BLACK ui-pdp-size--XSMALL ui-pdp-family--REGULAR\">Unidades por pack: 1<\/li>\n<li class=\"ui-vpp-highlighted-specs__features-list-item ui-pdp-color--BLACK ui-pdp-size--XSMALL ui-pdp-family--REGULAR\">Formato de la miel: L\u00edquida<\/li>\n<li class=\"ui-vpp-highlighted-specs__features-list-item ui-pdp-color--BLACK ui-pdp-size--XSMALL ui-pdp-family--REGULAR\">Sabor: Miel<\/li>\n<li class=\"ui-vpp-highlighted-specs__features-list-item ui-pdp-color--BLACK ui-pdp-size--XSMALL ui-pdp-family--REGULAR\">Volumen neto: 30 mL<\/li>\n<li class=\"ui-vpp-highlighted-specs__features-list-item ui-pdp-color--BLACK ui-pdp-size--XSMALL ui-pdp-family--REGULAR\">Peso de la unidad: 10 g<\/li>\n<li class=\"ui-vpp-highlighted-specs__features-list-item ui-pdp-color--BLACK ui-pdp-size--XSMALL ui-pdp-family--REGULAR\">Peso neto: 30 g<\/li>\n<\/ul>","protected":false},"featured_media":620,"comment_status":"open","ping_status":"closed","template":"","meta":[],"product_brand":[],"product_cat":[24],"product_tag":[],"class_list":{"0":"post-619","1":"product","2":"type-product","3":"status-publish","4":"has-post-thumbnail","6":"product_cat-mujer","8":"first","9":"outofstock","10":"sale","11":"taxable","12":"shipping-taxable","13":"purchasable","14":"product-type-simple"},"_links":{"self":[{"href":"https:\/\/vitalidadamira.com\/en\/wp-json\/wp\/v2\/product\/619","targetHints":{"allow":["GET"]}}],"collection":[{"href":"https:\/\/vitalidadamira.com\/en\/wp-json\/wp\/v2\/product"}],"about":[{"href":"https:\/\/vitalidadamira.com\/en\/wp-json\/wp\/v2\/types\/product"}],"replies":[{"embeddable":true,"href":"https:\/\/vitalidadamira.com\/en\/wp-json\/wp\/v2\/comments?post=619"}],"wp:featuredmedia":[{"embeddable":true,"href":"https:\/\/vitalidadamira.com\/en\/wp-json\/wp\/v2\/media\/620"}],"wp:attachment":[{"href":"https:\/\/vitalidadamira.com\/en\/wp-json\/wp\/v2\/media?parent=619"}],"wp:term":[{"taxonomy":"product_brand","embeddable":true,"href":"https:\/\/vitalidadamira.com\/en\/wp-json\/wp\/v2\/product_brand?post=619"},{"taxonomy":"product_cat","embeddable":true,"href":"https:\/\/vitalidadamira.com\/en\/wp-json\/wp\/v2\/product_cat?post=619"},{"taxonomy":"product_tag","embeddable":true,"href":"https:\/\/vitalidadamira.com\/en\/wp-json\/wp\/v2\/product_tag?post=619"}],"curies":[{"name":"wp","href":"https:\/\/api.w.org\/{rel}","templated":true}]}}