{"id":332,"date":"2024-07-02T23:45:04","date_gmt":"2024-07-02T23:45:04","guid":{"rendered":"http:\/\/vitalidadamira.com\/?post_type=product&#038;p=332"},"modified":"2026-03-16T19:29:47","modified_gmt":"2026-03-16T19:29:47","slug":"magic-honey-6-sachets-hombre","status":"publish","type":"product","link":"https:\/\/vitalidadamira.com\/en\/tienda\/magic-honey-6-sachets-hombre\/","title":{"rendered":"Magic Honey 6 Sachets Hombre"},"content":{"rendered":"<p>Cada caja de Magic Honey contiene 12 sachets de 10g cada uno, lo que te permite disfrutar de su delicioso sabor en cualquier momento del d\u00eda. Su formato de suplemento alimenticio te brinda un extra de energ\u00eda y dulzura de forma natural. Adem\u00e1s, garantiza que el producto llegue en perfectas condiciones. Con un volumen neto de 120 mL, Magic Honey es el complemento perfecto para tu dieta diaria. Disfruta de la calidad y frescura de esta miel en cada sachet, y descubre c\u00f3mo puede mejorar tus platos y bebidas con su sabor \u00fanico. Aprovecha esta oportunidad y lleva a casa tu caja de Magic Honey para disfrutar de un toque dulce y natural en tu d\u00eda a d\u00eda.<\/p>","protected":false},"excerpt":{"rendered":"<p>Magic Honey presenta su deliciosa miel l\u00edquida en pr\u00e1cticos sachets individuales, perfectos para llevar a todas partes. Con un sabor suave y exquisito, esta miel es ideal para endulzar tus bebidas y comidas favoritas. Adem\u00e1s, al ser libre de gluten, es apta para personas con intolerancias alimentarias.<\/p>\n<p>&nbsp;<\/p>","protected":false},"featured_media":333,"comment_status":"open","ping_status":"closed","template":"","meta":[],"product_brand":[31],"product_cat":[21],"product_tag":[],"class_list":{"0":"post-332","1":"product","2":"type-product","3":"status-publish","4":"has-post-thumbnail","6":"product_brand-magic-honey","7":"product_cat-hombre","9":"first","10":"instock","11":"taxable","12":"shipping-taxable","13":"purchasable","14":"product-type-simple"},"_links":{"self":[{"href":"https:\/\/vitalidadamira.com\/en\/wp-json\/wp\/v2\/product\/332","targetHints":{"allow":["GET"]}}],"collection":[{"href":"https:\/\/vitalidadamira.com\/en\/wp-json\/wp\/v2\/product"}],"about":[{"href":"https:\/\/vitalidadamira.com\/en\/wp-json\/wp\/v2\/types\/product"}],"replies":[{"embeddable":true,"href":"https:\/\/vitalidadamira.com\/en\/wp-json\/wp\/v2\/comments?post=332"}],"wp:featuredmedia":[{"embeddable":true,"href":"https:\/\/vitalidadamira.com\/en\/wp-json\/wp\/v2\/media\/333"}],"wp:attachment":[{"href":"https:\/\/vitalidadamira.com\/en\/wp-json\/wp\/v2\/media?parent=332"}],"wp:term":[{"taxonomy":"product_brand","embeddable":true,"href":"https:\/\/vitalidadamira.com\/en\/wp-json\/wp\/v2\/product_brand?post=332"},{"taxonomy":"product_cat","embeddable":true,"href":"https:\/\/vitalidadamira.com\/en\/wp-json\/wp\/v2\/product_cat?post=332"},{"taxonomy":"product_tag","embeddable":true,"href":"https:\/\/vitalidadamira.com\/en\/wp-json\/wp\/v2\/product_tag?post=332"}],"curies":[{"name":"wp","href":"https:\/\/api.w.org\/{rel}","templated":true}]}}