{"id":1060,"date":"2025-11-17T22:08:47","date_gmt":"2025-11-17T22:08:47","guid":{"rendered":"https:\/\/vitalidadamira.com\/?post_type=product&#038;p=1060"},"modified":"2026-04-11T02:04:38","modified_gmt":"2026-04-11T02:04:38","slug":"powerphase-coffee","status":"publish","type":"product","link":"https:\/\/vitalidadamira.com\/en\/tienda\/powerphase-coffee\/","title":{"rendered":"Power Phase Fit Coffee"},"content":{"rendered":"<div class=\"et_pb_section_0 et_pb_section et_section_regular et_block_section\">\n<div class=\"et_pb_row_0 et_pb_row et_block_row\">\n<div class=\"et_pb_column_0 et_pb_column et_pb_column_4_4 et-last-child et_block_column et_pb_css_mix_blend_mode_passthrough\">\n\n\n<div class=\"et_pb_wc_cart_notice_0 et_pb_wc_cart_notice et_pb_fields_layout_default et_pb_module\"><div class=\"et_pb_module_inner\">\n\t<div class=\"woocommerce-message\" role=\"alert\">\n\t\t&ldquo;Product Name&rdquo; has been added to cart.\t<\/div>\n<\/div><\/div>\n<\/div>\n<\/div>\n\n<div class=\"et_pb_row_1 et_pb_row et_block_row\">\n<div class=\"et_pb_column_1 et_pb_column et_pb_column_1_2 et_block_column et_pb_css_mix_blend_mode_passthrough\">\n<div class=\"et_pb_wc_images_0 et_pb_wc_images et_pb_module\"><div class=\"et_pb_module_inner\"><\/div><\/div>\n\n\n<\/div>\n\n<div class=\"et_pb_column_2 et_pb_column et_pb_column_1_2 et-last-child et_block_column et_pb_css_mix_blend_mode_passthrough\">\n<div class=\"et_pb_wc_title_0 et_pb_wc_title et_pb_bg_layout_light et_pb_module\"><div class=\"et_pb_module_inner\">\n\t\t<h1>Power Phase Fit Coffee<\/h1><\/div><\/div>\n\n<div class=\"et_pb_heading_0 et_pb_heading et_pb_module et_block_module\"><div class=\"et_pb_heading_container\"><h2 class=\"et_pb_module_header\">Caf\u00e9 con Creatina<\/h2><\/div><\/div>\n\n\n\n\n\n\n\n\n\n<div class=\"et_pb_image_0 et_pb_image et_pb_module et_block_module\"><a href=\"https:\/\/www.mercadolibre.com.mx\/cafe-gourmet-power-phase-coffee-con-creatina-y-glicina\/up\/MLMU3564910216?pdp_filters=item_id%3AMLM2562321969#origin%3Dshare%26sid%3Dshare%26wid%3DMLM2562321969\" target=\"_blank\" rel=\"noopener\"><span class=\"et_pb_image_wrap\"><img decoding=\"async\" src=\"https:\/\/vitalidadamira.com\/wp-content\/uploads\/2025\/07\/Disponible-Mercado-Libre.webp\" width=\"2501\" height=\"501\" srcset=\"https:\/\/vitalidadamira.com\/wp-content\/uploads\/2025\/07\/Disponible-Mercado-Libre.webp 2501w, https:\/\/vitalidadamira.com\/wp-content\/uploads\/2025\/07\/Disponible-Mercado-Libre-1280x256.webp 1280w, https:\/\/vitalidadamira.com\/wp-content\/uploads\/2025\/07\/Disponible-Mercado-Libre-980x196.webp 980w, https:\/\/vitalidadamira.com\/wp-content\/uploads\/2025\/07\/Disponible-Mercado-Libre-480x96.webp 480w\" sizes=\"(min-width: 0px) and (max-width: 480px) 480px, (min-width: 481px) and (max-width: 980px) 980px, (min-width: 981px) and (max-width: 1280px) 1280px, (min-width: 1281px) 2501px, 100vw\" class=\"wp-image-763\" title=\"Disponible Mercado Libre\" \/><\/span><\/a><\/div>\n\n<div class=\"et_pb_image_1 et_pb_image et_pb_module et_block_module\"><a href=\"https:\/\/www.amazon.com.mx\/dp\/B0GHCJT75T\" target=\"_blank\" rel=\"noopener\"><span class=\"et_pb_image_wrap\"><img decoding=\"async\" src=\"https:\/\/vitalidadamira.com\/wp-content\/uploads\/2025\/07\/Disponible-Amazon.webp\" width=\"2501\" height=\"501\" srcset=\"https:\/\/vitalidadamira.com\/wp-content\/uploads\/2025\/07\/Disponible-Amazon.webp 2501w, https:\/\/vitalidadamira.com\/wp-content\/uploads\/2025\/07\/Disponible-Amazon-1280x256.webp 1280w, https:\/\/vitalidadamira.com\/wp-content\/uploads\/2025\/07\/Disponible-Amazon-980x196.webp 980w, https:\/\/vitalidadamira.com\/wp-content\/uploads\/2025\/07\/Disponible-Amazon-480x96.webp 480w\" sizes=\"(min-width: 0px) and (max-width: 480px) 480px, (min-width: 481px) and (max-width: 980px) 980px, (min-width: 981px) and (max-width: 1280px) 1280px, (min-width: 1281px) 2501px, 100vw\" class=\"wp-image-762\" title=\"Disponible Amazon\" \/><\/span><\/a><\/div>\n\n<div class=\"et_pb_accordion_0 et_pb_accordion et_pb_module et_block_module\">\n<div class=\"et_pb_accordion_item_0 et_pb_accordion_item et_pb_toggle et_pb_module et_pb_toggle_open et_block_module\"><h5 class=\"et_pb_toggle_title\">Solo 3 Ingredientes<\/h5><div class=\"et_pb_toggle_content\"><p>Caf\u00e9 Robusta Premium: Mayor dosis de cafe\u00edna y sabor m\u00e1s intenso para una energ\u00eda sostenida.<\/p>\n<p>Nanocreatina monohidrato (5 g): Administraci\u00f3n mediante nanopart\u00edculas para una absorci\u00f3n superior y mayores ganancias de fuerza.<\/p>\n<p>Nanoglicina (200 mg): Amino\u00e1cido clave que favorece la claridad cognitiva y la recuperaci\u00f3n muscular.<\/p>\n<\/div><\/div>\n\n<div class=\"et_pb_accordion_item_1 et_pb_accordion_item et_pb_toggle et_pb_module et_pb_toggle_close et_block_module\"><h5 class=\"et_pb_toggle_title\">C\u00f3mo usar<\/h5><div class=\"et_pb_toggle_content\"><p><span dir=\"auto\">1. Prepare su caf\u00e9 utilizando su m\u00e9todo preferido (goteo, vertido, prensa francesa, etc.) con 1 taza (aproximadamente 8 oz) de agua.<\/span><\/p>\n<p><span dir=\"auto\">2. Agregue 1 cucharada (20 g) de caf\u00e9 PowerPhase Fit por taza.<\/span><\/p>\n<p><span dir=\"auto\">3. Toma un sorbo y libera tu poder.<\/span><\/p>\n<p><span dir=\"auto\">Para obtener mejores resultados, beba 1 o 2 tazas al d\u00eda para potenciar la fuerza, la concentraci\u00f3n y la recuperaci\u00f3n.<\/span><\/p>\n<\/div><\/div>\n\n<div class=\"et_pb_accordion_item_2 et_pb_accordion_item et_pb_toggle et_pb_module et_pb_toggle_close et_block_module\"><h5 class=\"et_pb_toggle_title\">Beneficios<\/h5><div class=\"et_pb_toggle_content\"><p><strong><span dir=\"auto\">Aumenta la fuerza y \u200b\u200bla resistencia:<\/span><\/strong><span dir=\"auto\"><span>\u00a0<\/span>\u00a0 Potencia el desarrollo muscular y la intensidad del entrenamiento.<\/span><\/p>\n<p><strong><span dir=\"auto\">Mejora la concentraci\u00f3n mental:<\/span><\/strong><span dir=\"auto\"><span>\u00a0<\/span>La cafe\u00edna pura y la glicina proporcionan una concentraci\u00f3n aguda sin nerviosismo.<\/span><\/p>\n<p><strong><span dir=\"auto\">Recuperaci\u00f3n acelerada:<\/span><\/strong><span dir=\"auto\"><span>\u00a0<\/span>La glicina favorece la reparaci\u00f3n muscular y un sue\u00f1o reparador.<\/span><\/p>\n<\/div><\/div>\n<\/div>\n<\/div>\n<\/div>\n<\/div>\n\n<div class=\"et_pb_section_1 et_pb_section et_section_specialty et_pb_gutters3 et_block_section\"><div class=\"et_pb_row et_block_row\">\n<div class=\"et_pb_column_3 et_pb_column et_pb_column_single et_pb_column_1_2 et_block_column et_pb_column_empty et_pb_css_mix_blend_mode_passthrough\"><\/div>\n\n<div class=\"et_pb_column_4 et_pb_column et_pb_specialty_column et_pb_column_1_2 et-last-child et_block_column et_pb_css_mix_blend_mode_passthrough\">\n<div class=\"et_pb_row_inner_0 et_pb_row_inner et_pb_gutters2 et_block_row\">\n<div class=\"et_pb_column_inner_0 et_pb_column_inner et_pb_column et_pb_column_4_4 et-last-child et_block_column et_pb_css_mix_blend_mode_passthrough\">\n<div class=\"et_pb_heading_1 et_pb_heading et_pb_module et_block_module\"><div class=\"et_pb_heading_container\"><h3 class=\"et_pb_module_header\">PROBADO EN LABORATORIO Y FORMULADO POR M\u00c9DICOS<\/h3><\/div><\/div>\n\n<div class=\"et_pb_text_0 et_pb_text et_pb_bg_layout_light et_pb_module et_block_module\"><div class=\"et_pb_text_inner\"><h2><span dir=\"auto\"><span style=\"color: #000000;\">Potencia<\/span>\u00a0<\/span><span class=\"color_27 wixui-rich-text__text\"><span dir=\"auto\">Tu poder<\/span><\/span><\/h2>\n<\/div><\/div>\n\n<div class=\"et_pb_text_1 et_pb_text et_pb_bg_layout_light et_pb_module et_block_module et_pb_text_align_center-phone\"><div class=\"et_pb_text_inner\"><p>M\u00e1s de 15 a\u00f1os de experiencia en el desarrollo<br \/>Caf\u00e9 Power Phase Fit.<\/p>\n<\/div><\/div>\n\n<div class=\"et_pb_image_2 et_pb_image et_pb_module et_block_module\"><span class=\"et_pb_image_wrap\"><img decoding=\"async\" src=\"https:\/\/vitalidadamira.com\/wp-content\/uploads\/2025\/11\/COFFEE.webp\" width=\"1080\" height=\"1080\" srcset=\"https:\/\/vitalidadamira.com\/wp-content\/uploads\/2025\/11\/COFFEE.webp 1080w, https:\/\/vitalidadamira.com\/wp-content\/uploads\/2025\/11\/COFFEE-980x980.webp 980w, https:\/\/vitalidadamira.com\/wp-content\/uploads\/2025\/11\/COFFEE-480x480.webp 480w\" sizes=\"(min-width: 0px) and (max-width: 480px) 480px, (min-width: 481px) and (max-width: 980px) 980px, (min-width: 981px) 1080px, 100vw\" class=\"wp-image-1094\" title=\"COFFEE\" \/><\/span><\/div>\n<\/div>\n<\/div>\n\n<div class=\"et_pb_row_inner_1 et_pb_row_inner et_pb_gutters2 et_block_row\">\n<div class=\"et_pb_column_inner_1 et_pb_column_inner et_pb_column et_pb_column_1_4 et_block_column et_pb_css_mix_blend_mode_passthrough\">\n<div class=\"et_pb_icon_0 et_pb_icon et_pb_module et_block_module\"><span class=\"et_pb_icon_wrap\"><span class=\"et-pb-icon\">\uf44b<\/span><\/span><\/div>\n\n<div class=\"et_pb_heading_2 et_pb_heading et_pb_module et_block_module\"><div class=\"et_pb_heading_container\"><h3 class=\"et_pb_module_header\">Fuerza y poder<\/h3><\/div><\/div>\n\n<div class=\"et_pb_text_2 et_pb_text et_pb_bg_layout_light et_pb_module et_block_module et_pb_text_align_center-phone\"><div class=\"et_pb_text_inner\"><p>Desbloquea m\u00e1s repeticiones, m\u00e1s peso y un rendimiento explosivo.<\/p>\n<\/div><\/div>\n<\/div>\n\n<div class=\"et_pb_column_inner_2 et_pb_column_inner et_pb_column et_pb_column_1_4 et-last-child et_block_column et_pb_css_mix_blend_mode_passthrough\">\n<div class=\"et_pb_icon_1 et_pb_icon et_pb_module et_block_module\"><span class=\"et_pb_icon_wrap\"><span class=\"et-pb-icon\">\uf240<\/span><\/span><\/div>\n\n<div class=\"et_pb_heading_3 et_pb_heading et_pb_module et_block_module\"><div class=\"et_pb_heading_container\"><h3 class=\"et_pb_module_header\">Energ\u00eda limpia y sostenible<\/h3><\/div><\/div>\n\n<div class=\"et_pb_text_3 et_pb_text et_pb_bg_layout_light et_pb_module et_block_module et_pb_text_align_center-phone\"><div class=\"et_pb_text_inner\"><p>Sin ca\u00eddas, solo energ\u00eda constante y duradera.<\/p>\n<\/div><\/div>\n<\/div>\n<\/div>\n\n<div class=\"et_pb_row_inner_2 et_pb_row_inner et_pb_gutters2 et_block_row\">\n<div class=\"et_pb_column_inner_3 et_pb_column_inner et_pb_column et_pb_column_1_4 et_block_column et_pb_css_mix_blend_mode_passthrough\">\n<div class=\"et_pb_icon_2 et_pb_icon et_pb_module et_block_module\"><span class=\"et_pb_icon_wrap\"><span class=\"et-pb-icon\">\uf5dc<\/span><\/span><\/div>\n\n<div class=\"et_pb_heading_4 et_pb_heading et_pb_module et_block_module\"><div class=\"et_pb_heading_container\"><h3 class=\"et_pb_module_header\">Enfoque l\u00e1ser<\/h3><\/div><\/div>\n\n<div class=\"et_pb_text_4 et_pb_text et_pb_bg_layout_light et_pb_module et_block_module et_pb_text_align_center-phone\"><div class=\"et_pb_text_inner\"><p>Mant\u00e9n la concentraci\u00f3n mental desde el primer sorbo hasta la \u00faltima canci\u00f3n.<\/p>\n<\/div><\/div>\n<\/div>\n\n<div class=\"et_pb_column_inner_4 et_pb_column_inner et_pb_column et_pb_column_1_4 et-last-child et_block_column et_pb_css_mix_blend_mode_passthrough\">\n<div class=\"et_pb_icon_3 et_pb_icon et_pb_module et_block_module\"><span class=\"et_pb_icon_wrap\"><span class=\"et-pb-icon\">\uf0fe<\/span><\/span><\/div>\n\n<div class=\"et_pb_heading_5 et_pb_heading et_pb_module et_block_module\"><div class=\"et_pb_heading_container\"><h3 class=\"et_pb_module_header\">Recuperaci\u00f3n m\u00e1s r\u00e1pida<\/h3><\/div><\/div>\n\n<div class=\"et_pb_text_5 et_pb_text et_pb_bg_layout_light et_pb_module et_block_module et_pb_text_align_center-phone\"><div class=\"et_pb_text_inner\"><p>Favorece la reparaci\u00f3n muscular y reduce el dolor.<\/p>\n<\/div><\/div>\n<\/div>\n<\/div>\n\n<div class=\"et_pb_row_inner_3 et_pb_row_inner et_pb_gutters2 et_block_row\">\n<div class=\"et_pb_column_inner_5 et_pb_column_inner et_pb_column et_pb_column_4_4 et-last-child et_block_column et_pb_css_mix_blend_mode_passthrough\">\n<div class=\"et_pb_blurb_0 et_pb_blurb et_pb_bg_layout_light et_pb_blurb_position_left et_pb_module et_block_module\"><div class=\"et_pb_blurb_content\"><div class=\"et_pb_main_blurb_image\"><span class=\"et_pb_image_wrap\"><span class=\"et-pb-icon et_animated et_animated\">R<\/span><\/span><\/div><div class=\"et_pb_blurb_container\"><h4 class=\"et_pb_module_header\">100% Satisfacci\u00f3n Garantizada<\/h4><\/div><\/div><\/div>\n<\/div>\n<\/div>\n<\/div>\n<\/div><\/div>\n\n<div class=\"et_pb_section_2 et_pb_section et_section_specialty et_pb_gutters3 et_block_section\"><div class=\"et_pb_row et_block_row\">\n<div class=\"et_pb_column_5 et_pb_column et_pb_specialty_column et_pb_column_1_2 et_block_column et_pb_css_mix_blend_mode_passthrough\">\n<div class=\"et_pb_row_inner_4 et_pb_row_inner et_pb_gutters2 et_block_row\">\n<div class=\"et_pb_column_inner_6 et_pb_column_inner et_pb_column et_pb_column_4_4 et-last-child et_block_column et_pb_css_mix_blend_mode_passthrough\">\n<div class=\"et_pb_heading_6 et_pb_heading et_pb_module et_block_module\"><div class=\"et_pb_heading_container\"><h3 class=\"et_pb_module_header\"> SIENTE LOS EFECTOS R\u00c1PIDAMENTE<\/h3><\/div><\/div>\n\n<div class=\"et_pb_text_6 et_pb_text et_pb_bg_layout_light et_pb_module et_block_module\"><div class=\"et_pb_text_inner\"><h2>Creatina <span style=\"color: #ffffff;\">nano-mejorada<\/span><\/h2>\n<\/div><\/div>\n\n<div class=\"et_pb_text_7 et_pb_text et_pb_bg_layout_light et_pb_module et_block_module et_pb_text_align_center-phone\"><div class=\"et_pb_text_inner\"><p>Desarrollado con nanotecnolog\u00eda avanzada que garantiza resultados mejores y m\u00e1s r\u00e1pidos.<\/p>\n<\/div><\/div>\n<\/div>\n<\/div>\n\n<div class=\"et_pb_row_inner_5 et_pb_row_inner et_pb_gutters2 et_block_row\">\n<div class=\"et_pb_column_inner_7 et_pb_column_inner et_pb_column et_pb_column_1_4 et_block_column et_pb_css_mix_blend_mode_passthrough\">\n<div class=\"et_pb_heading_7 et_pb_heading et_pb_module et_block_module\"><div class=\"et_pb_heading_container\"><h3 class=\"et_pb_module_header\">+85%<\/h3><\/div><\/div>\n\n<div class=\"et_pb_text_8 et_pb_text et_pb_bg_layout_light et_pb_module et_block_module et_pb_text_align_center-phone\"><div class=\"et_pb_text_inner\"><p>M\u00e1s eficaz que otras formas de creatina gracias al proceso nanotecnol\u00f3gico que mejora su biodisponibilidad.<\/p>\n<\/div><\/div>\n<\/div>\n\n<div class=\"et_pb_column_inner_8 et_pb_column_inner et_pb_column et_pb_column_1_4 et-last-child et_block_column et_pb_css_mix_blend_mode_passthrough\">\n<div class=\"et_pb_heading_8 et_pb_heading et_pb_module et_block_module\"><div class=\"et_pb_heading_container\"><h3 class=\"et_pb_module_header\">M\u00e1s de 600<\/h3><\/div><\/div>\n\n<div class=\"et_pb_text_9 et_pb_text et_pb_bg_layout_light et_pb_module et_block_module et_pb_text_align_center-phone\"><div class=\"et_pb_text_inner\"><p>Diversos estudios demuestran que la creatina es una forma segura y eficaz de mejorar tanto el rendimiento f\u00edsico como la funci\u00f3n cognitiva.<\/p>\n<\/div><\/div>\n<\/div>\n<\/div>\n\n<div class=\"et_pb_row_inner_6 et_pb_row_inner et_pb_gutters2 et_block_row\">\n<div class=\"et_pb_column_inner_9 et_pb_column_inner et_pb_column et_pb_column_4_4 et-last-child et_block_column et_pb_css_mix_blend_mode_passthrough\">\n<div class=\"et_pb_blurb_1 et_pb_blurb et_pb_bg_layout_light et_pb_blurb_position_left et_pb_module et_block_module\"><div class=\"et_pb_blurb_content\"><div class=\"et_pb_main_blurb_image\"><span class=\"et_pb_image_wrap\"><span class=\"et-pb-icon et_animated et_animated\">R<\/span><\/span><\/div><div class=\"et_pb_blurb_container\"><h4 class=\"et_pb_module_header\">100% Satisfacci\u00f3n Garantizada<\/h4><\/div><\/div><\/div>\n<\/div>\n<\/div>\n<\/div>\n\n<div class=\"et_pb_column_6 et_pb_column et_pb_column_single et_pb_column_1_2 et-last-child et_block_column et_pb_css_mix_blend_mode_passthrough\">\n<div class=\"et_pb_image_3 et_pb_image et_pb_module et_block_module\"><span class=\"et_pb_image_wrap\"><img decoding=\"async\" src=\"https:\/\/vitalidadamira.com\/wp-content\/uploads\/2025\/11\/Espanol-1-1-scaled.webp\" width=\"2560\" height=\"2560\" srcset=\"https:\/\/vitalidadamira.com\/wp-content\/uploads\/2025\/11\/Espanol-1-1-scaled.webp 2560w, https:\/\/vitalidadamira.com\/wp-content\/uploads\/2025\/11\/Espanol-1-1-1280x1280.webp 1280w, https:\/\/vitalidadamira.com\/wp-content\/uploads\/2025\/11\/Espanol-1-1-980x980.webp 980w, https:\/\/vitalidadamira.com\/wp-content\/uploads\/2025\/11\/Espanol-1-1-480x480.webp 480w\" sizes=\"(min-width: 0px) and (max-width: 480px) 480px, (min-width: 481px) and (max-width: 980px) 980px, (min-width: 981px) and (max-width: 1280px) 1280px, (min-width: 1281px) 2560px, 100vw\" class=\"wp-image-1099\" title=\"Espanol 1\" \/><\/span><\/div>\n<\/div>\n<\/div><\/div>\n\n<div class=\"et_pb_section_3 et_pb_section et_section_regular et_block_section\">\n<div class=\"et_pb_row_2 et_pb_row et_pb_gutters2 et_block_row\">\n<div class=\"et_pb_column_7 et_pb_column et_pb_column_4_4 et-last-child et_block_column et_pb_css_mix_blend_mode_passthrough\">\n<div class=\"et_pb_heading_9 et_pb_heading et_pb_module et_block_module\"><div class=\"et_pb_heading_container\"><h3 class=\"et_pb_module_header\">PROBADO EN LABORATORIO Y FORMULADO POR M\u00c9DICOS<\/h3><\/div><\/div>\n\n<div class=\"et_pb_text_10 et_pb_text et_pb_bg_layout_light et_pb_module et_block_module\"><div class=\"et_pb_text_inner\"><h2><span style=\"color: #000000;\">Forjado por la disciplina<\/span><br \/>para los implacables<\/h2>\n<\/div><\/div>\n\n<div class=\"et_pb_text_11 et_pb_text et_pb_bg_layout_light et_pb_module et_block_module et_pb_text_align_center\"><div class=\"et_pb_text_inner\"><p>Cofundada por un veterano militar estadounidense, nuestra misi\u00f3n se basa en la disciplina y la integridad.<\/p>\n<\/div><\/div>\n<\/div>\n<\/div>\n\n<div class=\"et_pb_row_3 et_pb_row et_block_row\">\n<div class=\"et_pb_column_8 et_pb_column et_pb_column_1_2 et_block_column et_pb_css_mix_blend_mode_passthrough\">\n<div class=\"et_pb_image_4 et_pb_image et_pb_module et_block_module\"><span class=\"et_pb_image_wrap\"><img decoding=\"async\" src=\"https:\/\/vitalidadamira.com\/wp-content\/uploads\/2025\/11\/DSC05174_edited.avif\" width=\"660\" height=\"313\" srcset=\"https:\/\/vitalidadamira.com\/wp-content\/uploads\/2025\/11\/DSC05174_edited.avif 660w, https:\/\/vitalidadamira.com\/wp-content\/uploads\/2025\/11\/DSC05174_edited-300x142.avif 300w, https:\/\/vitalidadamira.com\/wp-content\/uploads\/2025\/11\/DSC05174_edited-18x9.avif 18w, https:\/\/vitalidadamira.com\/wp-content\/uploads\/2025\/11\/DSC05174_edited-200x95.avif 200w, https:\/\/vitalidadamira.com\/wp-content\/uploads\/2025\/11\/DSC05174_edited-610x289.avif 610w, https:\/\/vitalidadamira.com\/wp-content\/uploads\/2025\/11\/DSC05174_edited-480x228.avif 480w, https:\/\/vitalidadamira.com\/wp-content\/uploads\/2025\/11\/DSC05174_edited-600x285.avif 600w\" sizes=\"(max-width: 660px) 100vw, 660px\" class=\"wp-image-1101\" title=\"DSC05174_edited\" \/><\/span><\/div>\n<\/div>\n\n<div class=\"et_pb_column_9 et_pb_column et_pb_column_1_2 et-last-child et_block_column et_pb_css_mix_blend_mode_passthrough\">\n<div class=\"et_pb_text_12 et_pb_text et_pb_bg_layout_light et_pb_module et_block_module et_pb_text_align_center\"><div class=\"et_pb_text_inner\"><p>En Power Phase Fit, no solo fabricamos productos de alto rendimiento, sino que los dise\u00f1amos para guerreros, atletas y deportistas de \u00e9lite que exigen m\u00e1s de su nutrici\u00f3n. Como exsoldado de las Fuerzas Especiales de EE. UU., conozco el valor de la precisi\u00f3n, la tenacidad y la concentraci\u00f3n para la misi\u00f3n. Esta no es una taza cualquiera; est\u00e1 hecha para quienes entrenan con prop\u00f3sito y viven con disciplina.<\/p>\n<p>\u2014 Jon<\/p>\n<p>Cofundador de Power Phase Fit<\/p>\n<\/div><\/div>\n<\/div>\n<\/div>\n\n<div class=\"et_pb_row_4 et_pb_row et_pb_gutters2 et_block_row\">\n<div class=\"et_pb_column_10 et_pb_column et_pb_column_4_4 et-last-child et_block_column et_pb_css_mix_blend_mode_passthrough\">\n<div class=\"et_pb_heading_10 et_pb_heading et_pb_module et_block_module\"><div class=\"et_pb_heading_container\"><h3 class=\"et_pb_module_header\"> Te mereces resultados reales<\/h3><\/div><\/div>\n\n<div class=\"et_pb_text_13 et_pb_text et_pb_bg_layout_light et_pb_module et_block_module\"><div class=\"et_pb_text_inner\"><h2 class=\"font_2 wixui-rich-text__text\"><span dir=\"auto\">La ventaja es clara.<\/span><\/h2>\n<\/div><\/div>\n\n<div class=\"et_pb_text_14 et_pb_text et_pb_bg_layout_light et_pb_module et_block_module et_pb_text_align_center\"><div class=\"et_pb_text_inner\"><p>No solo mezclamos ingredientes, los dise\u00f1amos para un rendimiento real.<\/p>\n<\/div><\/div>\n\n<div class=\"et_pb_image_5 et_pb_image et_pb_module et_block_module\"><span class=\"et_pb_image_wrap\"><img decoding=\"async\" src=\"https:\/\/vitalidadamira.com\/wp-content\/uploads\/2025\/11\/Frame-1.avif\" width=\"1205\" height=\"715\" srcset=\"https:\/\/vitalidadamira.com\/wp-content\/uploads\/2025\/11\/Frame-1.avif 1205w, https:\/\/vitalidadamira.com\/wp-content\/uploads\/2025\/11\/Frame-1-300x178.avif 300w, https:\/\/vitalidadamira.com\/wp-content\/uploads\/2025\/11\/Frame-1-1024x608.avif 1024w, https:\/\/vitalidadamira.com\/wp-content\/uploads\/2025\/11\/Frame-1-768x456.avif 768w, https:\/\/vitalidadamira.com\/wp-content\/uploads\/2025\/11\/Frame-1-18x12.avif 18w, https:\/\/vitalidadamira.com\/wp-content\/uploads\/2025\/11\/Frame-1-200x119.avif 200w, https:\/\/vitalidadamira.com\/wp-content\/uploads\/2025\/11\/Frame-1-610x362.avif 610w, https:\/\/vitalidadamira.com\/wp-content\/uploads\/2025\/11\/Frame-1-1080x641.avif 1080w, https:\/\/vitalidadamira.com\/wp-content\/uploads\/2025\/11\/Frame-1-980x581.avif 980w, https:\/\/vitalidadamira.com\/wp-content\/uploads\/2025\/11\/Frame-1-480x285.avif 480w, https:\/\/vitalidadamira.com\/wp-content\/uploads\/2025\/11\/Frame-1-600x356.avif 600w\" sizes=\"(max-width: 1205px) 100vw, 1205px\" class=\"wp-image-1102\" title=\"Frame 1\" \/><\/span><\/div>\n<\/div>\n<\/div>\n<\/div>\n\n<div class=\"et_pb_section_4 et_pb_section et_section_regular et_block_section\">\n<div class=\"et_pb_row_5 et_pb_row et_block_row\">\n<div class=\"et_pb_column_11 et_pb_column et_pb_column_2_5 et_block_column et_pb_css_mix_blend_mode_passthrough\">\n<div class=\"et_pb_heading_11 et_pb_heading et_pb_module et_block_module\"><div class=\"et_pb_heading_container\"><h2 class=\"et_pb_module_header\"> Preguntas frecuentes<\/h2><\/div><\/div>\n\n<div class=\"et_pb_text_15 et_pb_text et_pb_bg_layout_light et_pb_module et_block_module et_pb_text_align_center-phone\"><div class=\"et_pb_text_inner\"><p>Encuentra la respuesta a algunas preocupaciones comunes<\/p>\n<\/div><\/div>\n<\/div>\n\n<div class=\"et_pb_column_12 et_pb_column et_pb_column_3_5 et-last-child et_block_column et_pb_css_mix_blend_mode_passthrough\">\n<div class=\"et_pb_accordion_1 et_pb_accordion et_pb_module et_block_module\">\n<div class=\"et_pb_accordion_item_3 et_pb_accordion_item et_pb_toggle et_pb_module et_pb_toggle_open et_block_module\"><h5 class=\"et_pb_toggle_title\">\u00bfAfecta el calor a los beneficios de la creatina?<\/h5><div class=\"et_pb_toggle_content\"><p>No, nuestra creatina est\u00e1 nanoenriquecida y es termoestable, lo que significa que mantiene su eficacia incluso en caf\u00e9 caliente. Disfrutar\u00e1s de toda su potencia y beneficios en cada taza.<\/p>\n<\/div><\/div>\n\n<div class=\"et_pb_accordion_item_4 et_pb_accordion_item et_pb_toggle et_pb_module et_pb_toggle_close et_block_module\"><h5 class=\"et_pb_toggle_title\">\u00bfSeguir\u00e1 funcionando si lo tomo por la ma\u00f1ana y entreno por la noche?<\/h5><div class=\"et_pb_toggle_content\"><p>S\u00ed. La creatina act\u00faa acumul\u00e1ndose en los m\u00fasculos con el tiempo, no solo inmediatamente despu\u00e9s de tomarla. Tomarla por la ma\u00f1ana favorece la fuerza, la resistencia y la recuperaci\u00f3n, incluso si entrenas m\u00e1s tarde.<\/p>\n<\/div><\/div>\n\n<div class=\"et_pb_accordion_item_5 et_pb_accordion_item et_pb_toggle et_pb_module et_pb_toggle_close et_block_module\"><h5 class=\"et_pb_toggle_title\">\u00bfPuedo consumir m\u00e1s de una porci\u00f3n al d\u00eda?<\/h5><div class=\"et_pb_toggle_content\"><p>S\u00ed, pero es importante saber que cada taza contiene una dosis completa de 5 g de creatina, que es la cantidad diaria cl\u00ednicamente eficaz. Si bien tomar una segunda taza es seguro para la mayor\u00eda de las personas, probablemente no necesites m\u00e1s de una para obtener todos los beneficios de la creatina. En caso de duda, consulta siempre con un profesional de la salud.<\/p>\n<\/div><\/div>\n\n<div class=\"et_pb_accordion_item_6 et_pb_accordion_item et_pb_toggle et_pb_module et_pb_toggle_close et_block_module\"><h5 class=\"et_pb_toggle_title\">\u00bfEl caf\u00e9 Power Phase Fit es instant\u00e1neo o c\u00f3mo se prepara?<\/h5><div class=\"et_pb_toggle_content\"><p>El caf\u00e9 PPF est\u00e1 elaborado con granos de caf\u00e9 Robusta tostados de primera calidad para garantizar un sabor intenso y vibrante. Se prepara como cualquier otro caf\u00e9, utilizando m\u00e9todos como cafeteras de goteo, prensa francesa o vertido manual. No es una mezcla instant\u00e1nea, es caf\u00e9 aut\u00e9ntico, dise\u00f1ado para potenciar tu rendimiento.<\/p>\n<\/div><\/div>\n<\/div>\n<\/div>\n<\/div>\n<\/div>","protected":false},"excerpt":{"rendered":"<p>Caf\u00e9 premium formulado con creatina de alta absorci\u00f3n, L-glicina y 140 mg de cafe\u00edna para impulsar fuerza, enfoque y energ\u00eda desde la primera taza. Ideal para entrenamientos intensos y rendimiento diario.<\/p>","protected":false},"featured_media":1061,"comment_status":"open","ping_status":"closed","template":"","meta":[],"product_brand":[70],"product_cat":[41],"product_tag":[],"class_list":{"0":"post-1060","1":"product","2":"type-product","3":"status-publish","4":"has-post-thumbnail","6":"product_brand-powerphasefit","7":"product_cat-formula-premium","9":"first","10":"instock","11":"sale","12":"purchasable","13":"product-type-simple"},"_links":{"self":[{"href":"https:\/\/vitalidadamira.com\/en\/wp-json\/wp\/v2\/product\/1060","targetHints":{"allow":["GET"]}}],"collection":[{"href":"https:\/\/vitalidadamira.com\/en\/wp-json\/wp\/v2\/product"}],"about":[{"href":"https:\/\/vitalidadamira.com\/en\/wp-json\/wp\/v2\/types\/product"}],"replies":[{"embeddable":true,"href":"https:\/\/vitalidadamira.com\/en\/wp-json\/wp\/v2\/comments?post=1060"}],"wp:featuredmedia":[{"embeddable":true,"href":"https:\/\/vitalidadamira.com\/en\/wp-json\/wp\/v2\/media\/1061"}],"wp:attachment":[{"href":"https:\/\/vitalidadamira.com\/en\/wp-json\/wp\/v2\/media?parent=1060"}],"wp:term":[{"taxonomy":"product_brand","embeddable":true,"href":"https:\/\/vitalidadamira.com\/en\/wp-json\/wp\/v2\/product_brand?post=1060"},{"taxonomy":"product_cat","embeddable":true,"href":"https:\/\/vitalidadamira.com\/en\/wp-json\/wp\/v2\/product_cat?post=1060"},{"taxonomy":"product_tag","embeddable":true,"href":"https:\/\/vitalidadamira.com\/en\/wp-json\/wp\/v2\/product_tag?post=1060"}],"curies":[{"name":"wp","href":"https:\/\/api.w.org\/{rel}","templated":true}]}}