{"id":78,"date":"2024-06-20T21:30:41","date_gmt":"2024-06-20T21:30:41","guid":{"rendered":"http:\/\/vitalidadamira.com\/?page_id=78"},"modified":"2026-01-27T02:47:21","modified_gmt":"2026-01-27T02:47:21","slug":"inicio","status":"publish","type":"page","link":"https:\/\/vitalidadamira.com\/en\/","title":{"rendered":"Inicio"},"content":{"rendered":"<div class=\"et_pb_section_0 et_pb_section et_section_regular et_block_section\">\n<div class=\"et_pb_row_0 et_pb_row et_block_row\">\n<div class=\"et_pb_column_0 et_pb_column et_pb_column_4_4 et-last-child et_block_column et_pb_css_mix_blend_mode_passthrough\">\n<div class=\"et_pb_heading_0 et_pb_heading et_pb_module et_block_module\"><div class=\"et_pb_heading_container\"><h1 class=\"et_pb_module_header\">Bienvenido a Vitalidadamira<\/h1><\/div><\/div>\n\n<div class=\"et_pb_text_0 et_pb_text et_pb_bg_layout_light et_pb_module et_block_module et_pb_text_align_center-tablet et_pb_text_align_center-phone\"><div class=\"et_pb_text_inner\"><p><span>Nuestra misi\u00f3n es acompa\u00f1arte con suplementos desarrollados con <\/span><span><strong>tecnolog\u00eda de liberaci\u00f3n inteligente<\/strong><\/span><span>, pensados para ofrecerte energ\u00eda, equilibrio metab\u00f3lico y vitalidad.<\/span><\/p>\n<\/div><\/div>\n\n<div class=\"et_pb_image_0 et_pb_image et_pb_module et_block_module\"><span class=\"et_pb_image_wrap\"><img decoding=\"async\" src=\"https:\/\/vitalidadamira.com\/wp-content\/uploads\/2025\/08\/Banner-Mujer-Movil.webp\" width=\"1080\" height=\"840\" srcset=\"https:\/\/vitalidadamira.com\/wp-content\/uploads\/2025\/08\/Banner-Mujer-Movil.webp 1080w, https:\/\/vitalidadamira.com\/wp-content\/uploads\/2025\/08\/Banner-Mujer-Movil-980x762.webp 980w, https:\/\/vitalidadamira.com\/wp-content\/uploads\/2025\/08\/Banner-Mujer-Movil-480x373.webp 480w\" sizes=\"(min-width: 0px) and (max-width: 480px) 480px, (min-width: 481px) and (max-width: 980px) 980px, (min-width: 981px) 1080px, 100vw\" class=\"wp-image-896\" title=\"Banner Mujer Movil\" \/><\/span><\/div>\n<\/div>\n<\/div>\n\n<div class=\"et_pb_row_1 et_pb_row et_block_row\">\n<div class=\"et_pb_column_1 et_pb_column et_pb_column_4_4 et-last-child et_block_column et_pb_css_mix_blend_mode_passthrough\">\n<div class=\"et_pb_heading_1 et_pb_heading et_pb_module et_block_module\"><div class=\"et_pb_heading_container\"><h2 class=\"et_pb_module_header\">Nuevo lanzamiento<\/h2><\/div><\/div>\n\n<div class=\"et_pb_text_1 et_pb_text et_pb_bg_layout_light et_pb_module et_block_module et_pb_text_align_center-tablet et_pb_text_align_center-phone\"><div class=\"et_pb_text_inner\"><p>Presentamos nuestra primera l\u00ednea de suplementos con tecnolog\u00eda de liberaci\u00f3n inteligente.<\/p>\n<p>Una propuesta dise\u00f1ada para quienes buscan energ\u00eda sostenida, equilibrio metab\u00f3lico y bienestar celular.<\/p>\n<\/div><\/div>\n\n\n\n<div class=\"et_pb_image_1 et_pb_image et_pb_module et_block_module\"><span class=\"et_pb_image_wrap\"><img decoding=\"async\" src=\"https:\/\/vitalidadamira.com\/wp-content\/uploads\/2025\/10\/fondo-landing-page-movil.webp\" width=\"1080\" height=\"990\" srcset=\"https:\/\/vitalidadamira.com\/wp-content\/uploads\/2025\/10\/fondo-landing-page-movil.webp 1080w, https:\/\/vitalidadamira.com\/wp-content\/uploads\/2025\/10\/fondo-landing-page-movil-980x898.webp 980w, https:\/\/vitalidadamira.com\/wp-content\/uploads\/2025\/10\/fondo-landing-page-movil-480x440.webp 480w\" sizes=\"(min-width: 0px) and (max-width: 480px) 480px, (min-width: 481px) and (max-width: 980px) 980px, (min-width: 981px) 1080px, 100vw\" class=\"wp-image-954\" title=\"fondo-landing-page-movil\" \/><\/span><\/div>\n<\/div>\n<\/div>\n<\/div>\n\n<div class=\"et_pb_section_1 et_pb_section et_section_regular et_block_section\">\n<div class=\"et_pb_row_2 et_pb_row et_block_row\">\n<div class=\"et_pb_column_2 et_pb_column et_pb_column_4_4 et-last-child et_block_column et_pb_css_mix_blend_mode_passthrough\">\n<div class=\"et_pb_heading_2 et_pb_heading et_pb_module et_block_module\"><div class=\"et_pb_heading_container\"><h2 class=\"et_pb_module_header\">La tecnolog\u00eda detr\u00e1s de tu energ\u00eda<\/h2><\/div><\/div>\n\n<div class=\"et_pb_text_2 et_pb_text et_pb_bg_layout_light et_pb_module et_block_module\"><div class=\"et_pb_text_inner\"><p><span>Dise\u00f1amos nuestras f\u00f3rmulas para que cada fase de energ\u00eda est\u00e9 soportada por nano plataformas y cofactores que mejoran la absorci\u00f3n y prolongan el efecto.<\/span><\/p>\n<\/div><\/div>\n<\/div>\n<\/div>\n\n<div class=\"et_pb_row_3 et_pb_row et_pb_equal_columns et_block_row\">\n<div class=\"et_pb_column_3 et_pb_column et_pb_column_1_3 et_block_column et_pb_css_mix_blend_mode_passthrough\">\n<div class=\"et_pb_heading_3 et_pb_heading et_pb_module et_block_module\"><div class=\"et_pb_heading_container\"><h3 class=\"et_pb_module_header\">tres nano plataformas<\/h3><\/div><\/div>\n\n<div class=\"et_pb_text_3 et_pb_text et_pb_bg_layout_light et_pb_module et_block_module et_pb_text_align_center\"><div class=\"et_pb_text_inner\"><p data-pm-slice=\"1 1 [&quot;list&quot;,{&quot;spread&quot;:false,&quot;start&quot;:1173,&quot;end&quot;:1590},&quot;regular_list_item&quot;,{&quot;start&quot;:1173,&quot;end&quot;:1287}]\"><span>Polim\u00e9ricas, lip\u00eddicas y nanoquelatos, para <strong>mayor estabilidad y absorci\u00f3n.<\/strong><\/span><\/p>\n<\/div><\/div>\n<\/div>\n\n<div class=\"et_pb_column_4 et_pb_column et_pb_column_1_3 et_block_column et_pb_css_mix_blend_mode_passthrough\">\n<div class=\"et_pb_heading_4 et_pb_heading et_pb_module et_block_module\"><div class=\"et_pb_heading_container\"><h3 class=\"et_pb_module_header\">Sincron\u00eda de cofactores<\/h3><\/div><\/div>\n\n<div class=\"et_pb_text_4 et_pb_text et_pb_bg_layout_light et_pb_module et_block_module et_pb_text_align_center\"><div class=\"et_pb_text_inner\"><p data-pm-slice=\"1 1 [&quot;list&quot;,{&quot;spread&quot;:false,&quot;start&quot;:1173,&quot;end&quot;:1590},&quot;regular_list_item&quot;,{&quot;start&quot;:1288,&quot;end&quot;:1406}]\"><span>Liberando <strong>ingredientes clave<\/strong> al mismo tiempo para<strong> potenciar resultados.<\/strong><\/span><\/p>\n<\/div><\/div>\n<\/div>\n\n<div class=\"et_pb_column_5 et_pb_column et_pb_column_1_3 et-last-child et_block_column et_pb_css_mix_blend_mode_passthrough\">\n<div class=\"et_pb_heading_5 et_pb_heading et_pb_module et_block_module\"><div class=\"et_pb_heading_container\"><h3 class=\"et_pb_module_header\">Efecto sostenido<\/h3><\/div><\/div>\n\n<div class=\"et_pb_text_5 et_pb_text et_pb_bg_layout_light et_pb_module et_block_module et_pb_text_align_center\"><div class=\"et_pb_text_inner\"><p data-pm-slice=\"1 1 [&quot;list&quot;,{&quot;spread&quot;:false,&quot;start&quot;:1173,&quot;end&quot;:1590},&quot;regular_list_item&quot;,{&quot;start&quot;:1407,&quot;end&quot;:1495}]\"><span><strong> Beneficios prolongados<\/strong> y consistentes en tu d\u00eda a d\u00eda.<\/span><\/p>\n<\/div><\/div>\n<\/div>\n<\/div>\n<\/div>\n\n<div class=\"et_pb_section_2 et_pb_section et_section_regular et_block_section\">\n<div class=\"et_pb_row_4 et_pb_row et_block_row\">\n<div class=\"et_pb_column_6 et_pb_column et_pb_column_1_2 et_block_column et_pb_css_mix_blend_mode_passthrough\">\n<div class=\"et_pb_image_2 et_pb_image et_pb_image_sticky et_pb_module et_block_module\"><a href=\"https:\/\/vitalidadamira.com\/en\/tienda\/powerphase-coffee\/\"><span class=\"et_pb_image_wrap\"><img decoding=\"async\" src=\"https:\/\/vitalidadamira.com\/wp-content\/uploads\/2025\/11\/Pagina-Portada-Movil-1.webp\" width=\"1080\" height=\"885\" srcset=\"https:\/\/vitalidadamira.com\/wp-content\/uploads\/2025\/11\/Pagina-Portada-Movil-1.webp 1080w, https:\/\/vitalidadamira.com\/wp-content\/uploads\/2025\/11\/Pagina-Portada-Movil-1-980x803.webp 980w, https:\/\/vitalidadamira.com\/wp-content\/uploads\/2025\/11\/Pagina-Portada-Movil-1-480x393.webp 480w\" sizes=\"(min-width: 0px) and (max-width: 480px) 480px, (min-width: 481px) and (max-width: 980px) 980px, (min-width: 981px) 1080px, 100vw\" class=\"wp-image-1083\" title=\"Pagina Portada Movil\" \/><\/span><\/a><\/div>\n<\/div>\n\n<div class=\"et_pb_column_7 et_pb_column et_pb_column_1_2 et-last-child et_block_column et_pb_css_mix_blend_mode_passthrough\">\n<div class=\"et_pb_heading_6 et_pb_heading et_pb_module et_block_module\"><div class=\"et_pb_heading_container\"><h2 class=\"et_pb_module_header\">Energ\u00eda de alto rendimiento<\/h2><\/div><\/div>\n\n<div class=\"et_pb_heading_7 et_pb_heading et_pb_module et_block_module\"><div class=\"et_pb_heading_container\"><h3 class=\"et_pb_module_header\">Tu caf\u00e9 + fuerza en una taza<\/h3><\/div><\/div>\n\n<div class=\"et_pb_text_6 et_pb_text et_pb_bg_layout_light et_pb_module et_block_module et_pb_text_align_center-tablet et_pb_text_align_center-phone\"><div class=\"et_pb_text_inner\"><p>Power Phase Fit combina caf\u00e9 premium con creatina de alta absorci\u00f3n y estimulantes limpios para impulsar tu fuerza, enfoque y energ\u00eda desde la primera taza.<\/p>\n<p>Perfecto para quienes entrenan con intensidad y quieren resultados visibles.<\/p>\n<\/div><\/div>\n\n<div class=\"et_pb_module et_pb_button_module_wrapper et_pb_button_1_wrapper\"><a class=\"et_pb_button_1 et_pb_button et_pb_bg_layout_light et_pb_module et_block_module\" href=\"https:\/\/vitalidadamira.com\/en\/tienda\/powerphase-coffee\/\">CONOCE M\u00c1S<\/a><\/div>\n<\/div>\n<\/div>\n<\/div>\n\n<div class=\"et_pb_section_3 et_pb_section et_section_regular et_block_section\">\n<div class=\"et_pb_row_5 et_pb_row et_block_row\">\n<div class=\"et_pb_column_8 et_pb_column et_pb_column_4_4 et-last-child et_block_column et_pb_css_mix_blend_mode_passthrough\">\n<div class=\"et_pb_heading_8 et_pb_heading et_pb_module et_block_module\"><div class=\"et_pb_heading_container\"><h2 class=\"et_pb_module_header\">Magic Honey<\/h2><\/div><\/div>\n\n<div class=\"et_pb_text_7 et_pb_text et_pb_bg_layout_light et_pb_module et_block_module et_pb_text_align_center-phone\"><div class=\"et_pb_text_inner\"><p>Somos <strong>Distribuidor Oficial<\/strong> de Magic Honey. Descubre el formato que mejor se adapta a tu ritmo y estilo de vida.<\/p>\n<\/div><\/div>\n\n<div class=\"et_pb_module et_pb_button_module_wrapper et_pb_button_2_wrapper\"><a class=\"et_pb_button_2 et_pb_button et_pb_bg_layout_light et_pb_module et_block_module\" href=\"\">Ver todos los productos de Magic Honey<\/a><\/div>\n<\/div>\n<\/div>\n\n<div class=\"et_pb_row_6 et_pb_row et_flex_row\">\n<div class=\"et_pb_column_9 et_pb_column et_block_column et_pb_css_mix_blend_mode_passthrough et_flex_column_24_24 et_flex_column_24_24_tablet et_flex_column_24_24_phone\">\n<div class=\"et_pb_wc_title_0 et_pb_wc_title et_pb_bg_layout_light et_pb_module\"><div class=\"et_pb_module_inner\">\n\t\t<h3>Magic Honey Hombre 3 Sachets<\/h3><\/div><\/div>\n\n<div class=\"et_pb_wc_images_0 et_pb_wc_images et_pb_module\"><div class=\"et_pb_module_inner\"><div data-product-id=\"121\" class=\"woocommerce-product-gallery woocommerce-product-gallery--with-images woocommerce-product-gallery--columns-4 images\" data-columns=\"4\" style=\"opacity: 0; transition: opacity .25s ease-in-out;\">\n\t<div class=\"woocommerce-product-gallery__wrapper\">\n\t\t<div data-thumb=\"https:\/\/vitalidadamira.com\/wp-content\/uploads\/2024\/06\/3BH3-Sachets-1-jpg-100x100.webp\" data-thumb-alt=\"Magic Honey Hombre 3 Sachets\" data-thumb-srcset=\"\"  data-thumb-sizes=\"\" class=\"woocommerce-product-gallery__image\"><a href=\"https:\/\/vitalidadamira.com\/wp-content\/uploads\/2024\/06\/3BH3-Sachets-1-jpg.webp\"><img decoding=\"async\" width=\"600\" height=\"600\" src=\"https:\/\/vitalidadamira.com\/wp-content\/uploads\/2024\/06\/3BH3-Sachets-1-jpg-600x600.webp\" class=\"wp-post-image\" alt=\"Magic Honey Hombre 3 Sachets\" data-caption=\"\" data-src=\"https:\/\/vitalidadamira.com\/wp-content\/uploads\/2024\/06\/3BH3-Sachets-1-jpg.webp\" data-large_image=\"https:\/\/vitalidadamira.com\/wp-content\/uploads\/2024\/06\/3BH3-Sachets-1-jpg.webp\" data-large_image_width=\"2000\" data-large_image_height=\"2000\" \/><\/a><\/div>\t<\/div>\n<\/div>\n<\/div><\/div>\n\n<div class=\"et_pb_wc_price_0 et_pb_wc_price et_pb_module\"><div class=\"et_pb_module_inner\"><p class=\"price\"><span class=\"woocommerce-Price-amount amount\"><bdi><span class=\"woocommerce-Price-currencySymbol\">&#36;<\/span>749.00<\/bdi><\/span><\/p>\n<\/div><\/div>\n\n<div class=\"et_pb_wc_add_to_cart_0 et_pb_wc_add_to_cart et_pb_text_align_center et_pb_hide_input_quantity et_pb_hide_stock et_pb_fields_label_position_inline et_pb_module\"><div class=\"et_pb_module_inner\">\n\t\n\t<form class=\"cart\" action=\"https:\/\/vitalidadamira.com\/en\/tienda\/magic-honey-3-sachets-hombre\/\" method=\"post\" enctype='multipart\/form-data'>\n\t\t\n\t\t<div class=\"quantity\">\n\t\t<label class=\"screen-reader-text\" for=\"quantity_69e0571b152e4\">Magic Honey Hombre 3 Sachets quantity<\/label>\n\t<input\n\t\ttype=\"hidden\"\n\t\t\t\tid=\"quantity_69e0571b152e4\"\n\t\tclass=\"input-text qty text\"\n\t\tname=\"quantity\"\n\t\tvalue=\"1\"\n\t\taria-label=\"Product quantity\"\n\t\t\t\tmin=\"1\"\n\t\t\t\t\tmax=\"1\"\n\t\t\t\t\t\t\tstep=\"1\"\n\t\t\tplaceholder=\"\"\n\t\t\tinputmode=\"numeric\"\n\t\t\tautocomplete=\"off\"\n\t\t\t\/>\n\t<\/div>\n\n\t\t<button type=\"submit\" name=\"add-to-cart\" value=\"121\" class=\"single_add_to_cart_button button alt\">Add to cart<\/button>\n\n\t\t\t<\/form>\n\n\t\n<\/div><\/div>\n<\/div>\n\n<div class=\"et_pb_column_10 et_pb_column et_block_column et_pb_css_mix_blend_mode_passthrough et_flex_column_24_24 et_flex_column_24_24_tablet et_flex_column_24_24_phone\">\n<div class=\"et_pb_wc_title_1 et_pb_wc_title et_pb_bg_layout_light et_pb_module\"><div class=\"et_pb_module_inner\">\n\t\t<h3>Magic Honey 6 Sachets Hombre<\/h3><\/div><\/div>\n\n<div class=\"et_pb_wc_images_1 et_pb_wc_images et_pb_module\"><div class=\"et_pb_module_inner\"><div data-product-id=\"332\" class=\"woocommerce-product-gallery woocommerce-product-gallery--with-images woocommerce-product-gallery--columns-4 images\" data-columns=\"4\" style=\"opacity: 0; transition: opacity .25s ease-in-out;\">\n\t<div class=\"woocommerce-product-gallery__wrapper\">\n\t\t<div data-thumb=\"https:\/\/vitalidadamira.com\/wp-content\/uploads\/2024\/07\/6-Sachets-2-100x100.png\" data-thumb-alt=\"Magic Honey 6 Sachets Hombre\" data-thumb-srcset=\"\"  data-thumb-sizes=\"\" class=\"woocommerce-product-gallery__image\"><a href=\"https:\/\/vitalidadamira.com\/wp-content\/uploads\/2024\/07\/6-Sachets-2.png\"><img decoding=\"async\" width=\"600\" height=\"600\" src=\"https:\/\/vitalidadamira.com\/wp-content\/uploads\/2024\/07\/6-Sachets-2-600x600.png\" class=\"wp-post-image\" alt=\"Magic Honey 6 Sachets Hombre\" data-caption=\"\" data-src=\"https:\/\/vitalidadamira.com\/wp-content\/uploads\/2024\/07\/6-Sachets-2.png\" data-large_image=\"https:\/\/vitalidadamira.com\/wp-content\/uploads\/2024\/07\/6-Sachets-2.png\" data-large_image_width=\"2000\" data-large_image_height=\"2000\" \/><\/a><\/div>\t<\/div>\n<\/div>\n<\/div><\/div>\n\n<div class=\"et_pb_wc_price_1 et_pb_wc_price et_pb_module\"><div class=\"et_pb_module_inner\"><p class=\"price\"><span class=\"woocommerce-Price-amount amount\"><bdi><span class=\"woocommerce-Price-currencySymbol\">&#36;<\/span>1,085.00<\/bdi><\/span><\/p>\n<\/div><\/div>\n\n<div class=\"et_pb_wc_add_to_cart_1 et_pb_wc_add_to_cart et_pb_text_align_center et_pb_hide_input_quantity et_pb_hide_stock et_pb_fields_label_position_inline et_pb_module\"><div class=\"et_pb_module_inner\">\n\t\n\t<form class=\"cart\" action=\"https:\/\/vitalidadamira.com\/en\/tienda\/magic-honey-6-sachets-hombre\/\" method=\"post\" enctype='multipart\/form-data'>\n\t\t\n\t\t<div class=\"quantity\">\n\t\t<label class=\"screen-reader-text\" for=\"quantity_69e0571b18073\">Magic Honey 6 Sachets Hombre quantity<\/label>\n\t<input\n\t\ttype=\"number\"\n\t\t\t\tid=\"quantity_69e0571b18073\"\n\t\tclass=\"input-text qty text\"\n\t\tname=\"quantity\"\n\t\tvalue=\"1\"\n\t\taria-label=\"Product quantity\"\n\t\t\t\tmin=\"1\"\n\t\t\t\t\t\t\tstep=\"1\"\n\t\t\tplaceholder=\"\"\n\t\t\tinputmode=\"numeric\"\n\t\t\tautocomplete=\"off\"\n\t\t\t\/>\n\t<\/div>\n\n\t\t<button type=\"submit\" name=\"add-to-cart\" value=\"332\" class=\"single_add_to_cart_button button alt\">Add to cart<\/button>\n\n\t\t\t<\/form>\n\n\t\n<\/div><\/div>\n<\/div>\n\n<div class=\"et_pb_column_11 et_pb_column et-last-child et_block_column et_pb_css_mix_blend_mode_passthrough et_flex_column_24_24 et_flex_column_24_24_tablet et_flex_column_24_24_phone\">\n<div class=\"et_pb_wc_title_2 et_pb_wc_title et_pb_bg_layout_light et_pb_module\"><div class=\"et_pb_module_inner\">\n\t\t<h3>Magic Honey 24 Sachets Hombre<\/h3><\/div><\/div>\n\n<div class=\"et_pb_wc_images_2 et_pb_wc_images et_pb_module\"><div class=\"et_pb_module_inner\"><div data-product-id=\"118\" class=\"woocommerce-product-gallery woocommerce-product-gallery--with-images woocommerce-product-gallery--columns-4 images\" data-columns=\"4\" style=\"opacity: 0; transition: opacity .25s ease-in-out;\">\n\t<div class=\"woocommerce-product-gallery__wrapper\">\n\t\t<div data-thumb=\"https:\/\/vitalidadamira.com\/wp-content\/uploads\/2024\/06\/24-Hombre-2_1-scaled-1-100x100.webp\" data-thumb-alt=\"Magic Honey 24 Sachets Hombre\" data-thumb-srcset=\"\"  data-thumb-sizes=\"\" class=\"woocommerce-product-gallery__image\"><a href=\"https:\/\/vitalidadamira.com\/wp-content\/uploads\/2024\/06\/24-Hombre-2_1-scaled-1.webp\"><img decoding=\"async\" width=\"600\" height=\"604\" src=\"https:\/\/vitalidadamira.com\/wp-content\/uploads\/2024\/06\/24-Hombre-2_1-scaled-1-600x604.webp\" class=\"wp-post-image\" alt=\"Magic Honey 24 Sachets Hombre\" data-caption=\"\" data-src=\"https:\/\/vitalidadamira.com\/wp-content\/uploads\/2024\/06\/24-Hombre-2_1-scaled-1.webp\" data-large_image=\"https:\/\/vitalidadamira.com\/wp-content\/uploads\/2024\/06\/24-Hombre-2_1-scaled-1.webp\" data-large_image_width=\"2542\" data-large_image_height=\"2560\" \/><\/a><\/div>\t<\/div>\n<\/div>\n<\/div><\/div>\n\n<div class=\"et_pb_wc_price_2 et_pb_wc_price et_pb_module\"><div class=\"et_pb_module_inner\"><p class=\"price\"><span class=\"woocommerce-Price-amount amount\"><bdi><span class=\"woocommerce-Price-currencySymbol\">&#36;<\/span>2,697.00<\/bdi><\/span><\/p>\n<\/div><\/div>\n\n<div class=\"et_pb_wc_add_to_cart_2 et_pb_wc_add_to_cart et_pb_text_align_center et_pb_hide_input_quantity et_pb_hide_stock et_pb_fields_label_position_inline et_pb_module\"><div class=\"et_pb_module_inner\"><p class=\"stock out-of-stock\">Out of stock<\/p>\n<\/div><\/div>\n<\/div>\n<\/div>\n<\/div>","protected":false},"excerpt":{"rendered":"","protected":false},"author":1,"featured_media":0,"parent":0,"menu_order":0,"comment_status":"closed","ping_status":"closed","template":"","meta":{"footnotes":""},"class_list":["post-78","page","type-page","status-publish","hentry"],"_links":{"self":[{"href":"https:\/\/vitalidadamira.com\/en\/wp-json\/wp\/v2\/pages\/78","targetHints":{"allow":["GET"]}}],"collection":[{"href":"https:\/\/vitalidadamira.com\/en\/wp-json\/wp\/v2\/pages"}],"about":[{"href":"https:\/\/vitalidadamira.com\/en\/wp-json\/wp\/v2\/types\/page"}],"author":[{"embeddable":true,"href":"https:\/\/vitalidadamira.com\/en\/wp-json\/wp\/v2\/users\/1"}],"replies":[{"embeddable":true,"href":"https:\/\/vitalidadamira.com\/en\/wp-json\/wp\/v2\/comments?post=78"}],"version-history":[{"count":0,"href":"https:\/\/vitalidadamira.com\/en\/wp-json\/wp\/v2\/pages\/78\/revisions"}],"wp:attachment":[{"href":"https:\/\/vitalidadamira.com\/en\/wp-json\/wp\/v2\/media?parent=78"}],"curies":[{"name":"wp","href":"https:\/\/api.w.org\/{rel}","templated":true}]}}